{"id":12,"date":"2020-11-04T09:49:30","date_gmt":"2020-11-04T09:49:30","guid":{"rendered":"http:\/\/agendaurbanacastello.enreda.coop\/?page_id=12"},"modified":"2024-09-04T10:23:21","modified_gmt":"2024-09-04T10:23:21","slug":"agenda-urbana-castello-2030","status":"publish","type":"page","link":"https:\/\/agendaurbanacastello.es\/va\/","title":{"rendered":"Agenda Urbana Castell\u00f3"},"content":{"rendered":"<div class=\"vc_row wpb_row vc_row-fluid\"><div class=\"wpb_column vc_column_container vc_col-sm-12\"><div class=\"vc_column-inner\"><div class=\"wpb_wrapper\">\n\t<div class=\"wpb_text_column wpb_content_element\" >\n\t\t<div class=\"wpb_wrapper\">\n\t\t\t<figure class=\"wp-block-image alignfull size-large\"><a href=\"https:\/\/agendaurbanacastello.es\/va\/saluda-begona-carrasco\/\"><img loading=\"lazy\" width=\"1024\" height=\"332\" class=\"wp-image-1670\" src=\"http:\/\/agendaurbana.castello.es\/wp-content\/uploads\/2023\/08\/banneralcaldesa-val.jpg\" alt=\"\" srcset=\"\" sizes=\"(max-width: 1024px) 100vw, 1024px\" data-srcset=\"\" \/><\/a><\/figure>\n<p><\/p>\n<div class=\"wp-block-spacer\" style=\"height: 70px;\" aria-hidden=\"true\">\u00a0<\/div>\n<p><\/p>\n<div class=\"wp-block-columns\">\n<div class=\"wp-block-column\">\n<div class=\"wp-block-image is-style-default\">\n<figure class=\"aligncenter size-large is-resized\"><a href=\"https:\/\/agendaurbana.castello.es\/objetivos-de-la-au-castello\/\"><img loading=\"lazy\" class=\"wp-image-368\" src=\"http:\/\/agendaurbanacastello.enreda.coop\/wp-content\/uploads\/2021\/02\/target.png\" alt=\"\" width=\"150\" height=\"150\" srcset=\"https:\/\/agendaurbanacastello.es\/wp-content\/uploads\/2021\/02\/target.png 512w, https:\/\/agendaurbanacastello.es\/wp-content\/uploads\/2021\/02\/target-300x300.png 300w, https:\/\/agendaurbanacastello.es\/wp-content\/uploads\/2021\/02\/target-150x150.png 150w, https:\/\/agendaurbanacastello.es\/wp-content\/uploads\/2021\/02\/target-12x12.png 12w, https:\/\/agendaurbanacastello.es\/wp-content\/uploads\/2021\/02\/target-390x390.png 390w\" sizes=\"(max-width: 150px) 100vw, 150px\" \/><\/a><\/figure>\n<\/div>\n<p><\/p>\n<p class=\"has-text-align-center\"><strong><a href=\"https:\/\/agendaurbana.castello.es\/objetivos-de-la-au-castello-2030\/\">Els nostres Objectius<\/a><\/strong><\/p>\n<\/div>\n<p><\/p>\n<div class=\"wp-block-column\">\n<div class=\"wp-block-image is-style-default\">\n<figure class=\"aligncenter size-large is-resized\"><a href=\"https:\/\/agendaurbana.castello.es\/metodologia-y-planificacion\/\"><img loading=\"lazy\" class=\"wp-image-369\" src=\"http:\/\/agendaurbanacastello.enreda.coop\/wp-content\/uploads\/2021\/02\/lista-de-verificacion.png\" alt=\"\" width=\"150\" height=\"150\" srcset=\"https:\/\/agendaurbanacastello.es\/wp-content\/uploads\/2021\/02\/lista-de-verificacion.png 512w, https:\/\/agendaurbanacastello.es\/wp-content\/uploads\/2021\/02\/lista-de-verificacion-300x300.png 300w, https:\/\/agendaurbanacastello.es\/wp-content\/uploads\/2021\/02\/lista-de-verificacion-150x150.png 150w, https:\/\/agendaurbanacastello.es\/wp-content\/uploads\/2021\/02\/lista-de-verificacion-12x12.png 12w, https:\/\/agendaurbanacastello.es\/wp-content\/uploads\/2021\/02\/lista-de-verificacion-390x390.png 390w\" sizes=\"(max-width: 150px) 100vw, 150px\" \/><\/a><\/figure>\n<\/div>\n<p><\/p>\n<p class=\"has-text-align-center\"><strong><a href=\"https:\/\/agendaurbana.castello.es\/metodologia-y-planificacion\/\">La nostra Planificaci\u00f3<\/a><\/strong><\/p>\n<\/div>\n<\/div>\n<p><\/p>\n<p>&nbsp;<\/p>\n<figure class=\"wp-block-embed alignfull is-type-video is-provider-youtube wp-block-embed-youtube ticss-77d67373 wp-embed-aspect-16-9 wp-has-aspect-ratio\">\n<div class=\"wp-block-embed__wrapper\">\n<p><iframe title=\"Agenda Urbana de Castell\u00f3 2030\" width=\"640\" height=\"360\" src=\"https:\/\/www.youtube.com\/embed\/ID2TMmmJ5Dg?feature=oembed\" frameborder=\"0\" allow=\"accelerometer; autoplay; clipboard-write; encrypted-media; gyroscope; picture-in-picture; web-share\" allowfullscreen><\/iframe><\/p>\n<\/div>\n<\/figure>\n<p><\/p>\n<div class=\"wp-block-spacer\" style=\"height: 70px;\" aria-hidden=\"true\">\u00a0<\/div>\n<p>\u00a0<\/p>\n<p>&nbsp;<\/p>\n<p class=\"has-text-align-center has-large-font-size\">Actualitat<\/p>\n<p>&nbsp;<\/p>\n\n\t\t<\/div>\n\t<\/div>\n<\/div><\/div><\/div><\/div><div class=\"rs-blog home-blog-area blog_style2\">\n\t<div class=\"blog-carousel blog-slider owl-carousel owl-navigation-yes\" data-carousel-options=\"{&quot;nav&quot;:false,&quot;navText&quot;:[&quot;&lt;i class=&#039;icofont icofont-bubble-left&#039;&gt;&lt;\\\/i&gt;&quot;,&quot;&lt;i class=&#039;icofont icofont-bubble-right&#039;&gt;&lt;\\\/i&gt;&quot;],&quot;dots&quot;:true,&quot;autoplay&quot;:true,&quot;autoplayTimeout&quot;:&quot;5000&quot;,&quot;stagePadding&quot;:0,&quot;autoplaySpeed&quot;:&quot;200&quot;,&quot;autoplayHoverPause&quot;:true,&quot;loop&quot;:true,&quot;margin&quot;:30,&quot;items&quot;:3,&quot;responsive&quot;:{&quot;0&quot;:{&quot;items&quot;:&quot;1&quot;},&quot;480&quot;:{&quot;items&quot;:&quot;2&quot;},&quot;768&quot;:{&quot;items&quot;:&quot;3&quot;},&quot;992&quot;:{&quot;items&quot;:&quot;3&quot;},&quot;1200&quot;:{&quot;items&quot;:&quot;3&quot;}}}\">\n\t \t\n\t\t<div class=\"blog-style2 blog-item  style2\">\n\t\t\t<div class=\"blog-img content-overlay\"> \n\t\t\t\t<img width=\"1104\" height=\"589\" src=\"https:\/\/agendaurbanacastello.es\/wp-content\/uploads\/2026\/05\/Carrasco-equipo-Naturaleza-en-Red.jpg\" class=\"attachment-post-thumbnail size-post-thumbnail wp-post-image\" alt=\"\" loading=\"lazy\" srcset=\"https:\/\/agendaurbanacastello.es\/wp-content\/uploads\/2026\/05\/Carrasco-equipo-Naturaleza-en-Red.jpg 1104w, https:\/\/agendaurbanacastello.es\/wp-content\/uploads\/2026\/05\/Carrasco-equipo-Naturaleza-en-Red-300x160.jpg 300w, https:\/\/agendaurbanacastello.es\/wp-content\/uploads\/2026\/05\/Carrasco-equipo-Naturaleza-en-Red-1024x546.jpg 1024w, https:\/\/agendaurbanacastello.es\/wp-content\/uploads\/2026\/05\/Carrasco-equipo-Naturaleza-en-Red-768x410.jpg 768w, https:\/\/agendaurbanacastello.es\/wp-content\/uploads\/2026\/05\/Carrasco-equipo-Naturaleza-en-Red-18x10.jpg 18w\" sizes=\"(max-width: 1104px) 100vw, 1104px\" \/>\t\t\t<\/div>\n\t\t\t<div class=\"blogfull\">\n\n\t\t\t\t<div class=\"blog-meta\">\n\t\t\t\t\t<h3 class=\"blog-title\"><a href=\"https:\/\/agendaurbanacastello.es\/va\/?post_type=post&p=3322\">Castell\u00f3n presenta el equipo que transformar\u00e1 18 patios escolares en oasis clim\u00e1ticos<\/a><\/h3>\t\t\t\t<\/div>\n\n\t\t\t\t<div class=\"blog-slidermeta blog-date\">\n\t\t\t\t\t\t\t\t\t<\/div>\n\t\t\t\t\t\t\n\t\t\t\t<div class=\"home_full_blog slider-blog-title\">\n\t\t\t\t\t\t<div class=\"blog-desc\">\n\t\t\t\t\t\tEl proyecto \u201cCastell\u00f3n, Naturaleza en Red\u201d destina 1,8 millones de euros con financiaci\u00f3n europea con fondos FEDER a la creaci\u00f3n de...\n\t\t\t\t\t<\/div>\n\t\t\t\t\t\t<div class=\"icon-button\"><a href=\"https:\/\/agendaurbanacastello.es\/va\/?post_type=post&#038;p=3322\"><\/a><\/div>\n\t\t\t\t\t\t<div class=\"clear\"><\/div>\n\t\t\t\t\t<\/div>\t\t\t<\/div>\n\t\t<\/div>\n\t\t\n\t\t<div class=\"blog-style2 blog-item  style2\">\n\t\t\t<div class=\"blog-img content-overlay\"> \n\t\t\t\t<img width=\"2560\" height=\"1706\" src=\"https:\/\/agendaurbanacastello.es\/wp-content\/uploads\/2026\/05\/Carrasco-presentacion-Censal-Parc-2-scaled.jpeg\" class=\"attachment-post-thumbnail size-post-thumbnail wp-post-image\" alt=\"\" loading=\"lazy\" srcset=\"https:\/\/agendaurbanacastello.es\/wp-content\/uploads\/2026\/05\/Carrasco-presentacion-Censal-Parc-2-scaled.jpeg 2560w, https:\/\/agendaurbanacastello.es\/wp-content\/uploads\/2026\/05\/Carrasco-presentacion-Censal-Parc-2-300x200.jpeg 300w, https:\/\/agendaurbanacastello.es\/wp-content\/uploads\/2026\/05\/Carrasco-presentacion-Censal-Parc-2-1024x683.jpeg 1024w, https:\/\/agendaurbanacastello.es\/wp-content\/uploads\/2026\/05\/Carrasco-presentacion-Censal-Parc-2-768x512.jpeg 768w, https:\/\/agendaurbanacastello.es\/wp-content\/uploads\/2026\/05\/Carrasco-presentacion-Censal-Parc-2-1536x1024.jpeg 1536w, https:\/\/agendaurbanacastello.es\/wp-content\/uploads\/2026\/05\/Carrasco-presentacion-Censal-Parc-2-2048x1365.jpeg 2048w, https:\/\/agendaurbanacastello.es\/wp-content\/uploads\/2026\/05\/Carrasco-presentacion-Censal-Parc-2-18x12.jpeg 18w, https:\/\/agendaurbanacastello.es\/wp-content\/uploads\/2026\/05\/Carrasco-presentacion-Censal-Parc-2-365x243.jpeg 365w\" sizes=\"(max-width: 2560px) 100vw, 2560px\" \/>\t\t\t<\/div>\n\t\t\t<div class=\"blogfull\">\n\n\t\t\t\t<div class=\"blog-meta\">\n\t\t\t\t\t<h3 class=\"blog-title\"><a href=\"https:\/\/agendaurbanacastello.es\/va\/?post_type=post&p=3327\">Carrasco activa la construcci\u00f3n de Censal Parc<\/a><\/h3>\t\t\t\t<\/div>\n\n\t\t\t\t<div class=\"blog-slidermeta blog-date\">\n\t\t\t\t\t\t\t\t\t<\/div>\n\t\t\t\t\t\t\n\t\t\t\t<div class=\"home_full_blog slider-blog-title\">\n\t\t\t\t\t\t<div class=\"blog-desc\">\n\t\t\t\t\t\tLa fase 1 contar\u00e1 con una inversi\u00f3n de 6.699.970,80 euros con la cofinanciaci\u00f3n del Fondo Europeo de Desarrollo Regional (FEDER), dentro...\n\t\t\t\t\t<\/div>\n\t\t\t\t\t\t<div class=\"icon-button\"><a href=\"https:\/\/agendaurbanacastello.es\/va\/?post_type=post&#038;p=3327\"><\/a><\/div>\n\t\t\t\t\t\t<div class=\"clear\"><\/div>\n\t\t\t\t\t<\/div>\t\t\t<\/div>\n\t\t<\/div>\n\t\t\n\t\t<div class=\"blog-style2 blog-item  style2\">\n\t\t\t<div class=\"blog-img content-overlay\"> \n\t\t\t\t<img width=\"1600\" height=\"1200\" src=\"https:\/\/agendaurbanacastello.es\/wp-content\/uploads\/2024\/07\/Taquilla-Comercio-Castello-Plaza-Santa-Clara2.jpg\" class=\"attachment-post-thumbnail size-post-thumbnail wp-post-image\" alt=\"\" loading=\"lazy\" srcset=\"https:\/\/agendaurbanacastello.es\/wp-content\/uploads\/2024\/07\/Taquilla-Comercio-Castello-Plaza-Santa-Clara2.jpg 1600w, https:\/\/agendaurbanacastello.es\/wp-content\/uploads\/2024\/07\/Taquilla-Comercio-Castello-Plaza-Santa-Clara2-300x225.jpg 300w, https:\/\/agendaurbanacastello.es\/wp-content\/uploads\/2024\/07\/Taquilla-Comercio-Castello-Plaza-Santa-Clara2-1024x768.jpg 1024w, https:\/\/agendaurbanacastello.es\/wp-content\/uploads\/2024\/07\/Taquilla-Comercio-Castello-Plaza-Santa-Clara2-768x576.jpg 768w, https:\/\/agendaurbanacastello.es\/wp-content\/uploads\/2024\/07\/Taquilla-Comercio-Castello-Plaza-Santa-Clara2-1536x1152.jpg 1536w, https:\/\/agendaurbanacastello.es\/wp-content\/uploads\/2024\/07\/Taquilla-Comercio-Castello-Plaza-Santa-Clara2-16x12.jpg 16w\" sizes=\"(max-width: 1600px) 100vw, 1600px\" \/>\t\t\t<\/div>\n\t\t\t<div class=\"blogfull\">\n\n\t\t\t\t<div class=\"blog-meta\">\n\t\t\t\t\t<h3 class=\"blog-title\"><a href=\"https:\/\/agendaurbanacastello.es\/va\/?post_type=post&p=3318\">El marketplace de Castell\u00f3n supera los 1.100 usuarios<\/a><\/h3>\t\t\t\t<\/div>\n\n\t\t\t\t<div class=\"blog-slidermeta blog-date\">\n\t\t\t\t\t\t\t\t\t<\/div>\n\t\t\t\t\t\t\n\t\t\t\t<div class=\"home_full_blog slider-blog-title\">\n\t\t\t\t\t\t<div class=\"blog-desc\">\n\t\t\t\t\t\tEl marketplace municipal comerciocastellon.es contin\u00faa consolid\u00e1ndose como una herramienta clave para la modernizaci\u00f3n del comercio local en Castell\u00f3n, superando ya los...\n\t\t\t\t\t<\/div>\n\t\t\t\t\t\t<div class=\"icon-button\"><a href=\"https:\/\/agendaurbanacastello.es\/va\/?post_type=post&#038;p=3318\"><\/a><\/div>\n\t\t\t\t\t\t<div class=\"clear\"><\/div>\n\t\t\t\t\t<\/div>\t\t\t<\/div>\n\t\t<\/div>\n\t\t\n\t\t<div class=\"blog-style2 blog-item  style2\">\n\t\t\t<div class=\"blog-img content-overlay\"> \n\t\t\t\t<img width=\"2560\" height=\"1706\" src=\"https:\/\/agendaurbanacastello.es\/wp-content\/uploads\/2026\/04\/Carrasco-Playas-Semana-Santa-2-scaled.jpeg\" class=\"attachment-post-thumbnail size-post-thumbnail wp-post-image\" alt=\"\" loading=\"lazy\" srcset=\"https:\/\/agendaurbanacastello.es\/wp-content\/uploads\/2026\/04\/Carrasco-Playas-Semana-Santa-2-scaled.jpeg 2560w, https:\/\/agendaurbanacastello.es\/wp-content\/uploads\/2026\/04\/Carrasco-Playas-Semana-Santa-2-300x200.jpeg 300w, https:\/\/agendaurbanacastello.es\/wp-content\/uploads\/2026\/04\/Carrasco-Playas-Semana-Santa-2-1024x683.jpeg 1024w, https:\/\/agendaurbanacastello.es\/wp-content\/uploads\/2026\/04\/Carrasco-Playas-Semana-Santa-2-768x512.jpeg 768w, https:\/\/agendaurbanacastello.es\/wp-content\/uploads\/2026\/04\/Carrasco-Playas-Semana-Santa-2-1536x1024.jpeg 1536w, https:\/\/agendaurbanacastello.es\/wp-content\/uploads\/2026\/04\/Carrasco-Playas-Semana-Santa-2-2048x1365.jpeg 2048w, https:\/\/agendaurbanacastello.es\/wp-content\/uploads\/2026\/04\/Carrasco-Playas-Semana-Santa-2-18x12.jpeg 18w, https:\/\/agendaurbanacastello.es\/wp-content\/uploads\/2026\/04\/Carrasco-Playas-Semana-Santa-2-365x243.jpeg 365w\" sizes=\"(max-width: 2560px) 100vw, 2560px\" \/>\t\t\t<\/div>\n\t\t\t<div class=\"blogfull\">\n\n\t\t\t\t<div class=\"blog-meta\">\n\t\t\t\t\t<h3 class=\"blog-title\"><a href=\"https:\/\/agendaurbanacastello.es\/va\/?post_type=post&p=3311\">Castell\u00f3n abre sus playas en Semana Santa<\/a><\/h3>\t\t\t\t<\/div>\n\n\t\t\t\t<div class=\"blog-slidermeta blog-date\">\n\t\t\t\t\t\t\t\t\t<\/div>\n\t\t\t\t\t\t\n\t\t\t\t<div class=\"home_full_blog slider-blog-title\">\n\t\t\t\t\t\t<div class=\"blog-desc\">\n\t\t\t\t\t\tUna  inversi\u00f3n pr\u00f3xima a los 504.000 euros para renovar el mobiliario urbano, incluyendo m\u00e1s de 40 nuevos bancos, jardineras, toldos,...\n\t\t\t\t\t<\/div>\n\t\t\t\t\t\t<div class=\"icon-button\"><a href=\"https:\/\/agendaurbanacastello.es\/va\/?post_type=post&#038;p=3311\"><\/a><\/div>\n\t\t\t\t\t\t<div class=\"clear\"><\/div>\n\t\t\t\t\t<\/div>\t\t\t<\/div>\n\t\t<\/div>\n\t\t\n\t\t<div class=\"blog-style2 blog-item  style2\">\n\t\t\t<div class=\"blog-img content-overlay\"> \n\t\t\t\t<img width=\"1600\" height=\"1066\" src=\"https:\/\/agendaurbanacastello.es\/wp-content\/uploads\/2026\/03\/Nuevo-mobiliario-Ferrandis-Salvador.jpeg\" class=\"attachment-post-thumbnail size-post-thumbnail wp-post-image\" alt=\"\" loading=\"lazy\" srcset=\"https:\/\/agendaurbanacastello.es\/wp-content\/uploads\/2026\/03\/Nuevo-mobiliario-Ferrandis-Salvador.jpeg 1600w, https:\/\/agendaurbanacastello.es\/wp-content\/uploads\/2026\/03\/Nuevo-mobiliario-Ferrandis-Salvador-300x200.jpeg 300w, https:\/\/agendaurbanacastello.es\/wp-content\/uploads\/2026\/03\/Nuevo-mobiliario-Ferrandis-Salvador-1024x682.jpeg 1024w, https:\/\/agendaurbanacastello.es\/wp-content\/uploads\/2026\/03\/Nuevo-mobiliario-Ferrandis-Salvador-768x512.jpeg 768w, https:\/\/agendaurbanacastello.es\/wp-content\/uploads\/2026\/03\/Nuevo-mobiliario-Ferrandis-Salvador-1536x1023.jpeg 1536w, https:\/\/agendaurbanacastello.es\/wp-content\/uploads\/2026\/03\/Nuevo-mobiliario-Ferrandis-Salvador-18x12.jpeg 18w, https:\/\/agendaurbanacastello.es\/wp-content\/uploads\/2026\/03\/Nuevo-mobiliario-Ferrandis-Salvador-365x243.jpeg 365w\" sizes=\"(max-width: 1600px) 100vw, 1600px\" \/>\t\t\t<\/div>\n\t\t\t<div class=\"blogfull\">\n\n\t\t\t\t<div class=\"blog-meta\">\n\t\t\t\t\t<h3 class=\"blog-title\"><a href=\"https:\/\/agendaurbanacastello.es\/va\/?post_type=post&p=3294\">Nuevo mobiliario urbano en Ferrandis Salvador<\/a><\/h3>\t\t\t\t<\/div>\n\n\t\t\t\t<div class=\"blog-slidermeta blog-date\">\n\t\t\t\t\t\t\t\t\t<\/div>\n\t\t\t\t\t\t\n\t\t\t\t<div class=\"home_full_blog slider-blog-title\">\n\t\t\t\t\t\t<div class=\"blog-desc\">\n\t\t\t\t\t\tEstos fondos Next Generation EU permitir\u00e1n homogeneizar elementos de las playas del distrito mar\u00edtimo entre el Cam\u00ed la Plana y el...\n\t\t\t\t\t<\/div>\n\t\t\t\t\t\t<div class=\"icon-button\"><a href=\"https:\/\/agendaurbanacastello.es\/va\/?post_type=post&#038;p=3294\"><\/a><\/div>\n\t\t\t\t\t\t<div class=\"clear\"><\/div>\n\t\t\t\t\t<\/div>\t\t\t<\/div>\n\t\t<\/div>\n\t\t\n\t\t<div class=\"blog-style2 blog-item  style2\">\n\t\t\t<div class=\"blog-img content-overlay\"> \n\t\t\t\t<img width=\"1600\" height=\"999\" src=\"https:\/\/agendaurbanacastello.es\/wp-content\/uploads\/2026\/03\/Carrasco-reunion-primera-fase-Censal-Parc.jpeg\" class=\"attachment-post-thumbnail size-post-thumbnail wp-post-image\" alt=\"\" loading=\"lazy\" srcset=\"https:\/\/agendaurbanacastello.es\/wp-content\/uploads\/2026\/03\/Carrasco-reunion-primera-fase-Censal-Parc.jpeg 1600w, https:\/\/agendaurbanacastello.es\/wp-content\/uploads\/2026\/03\/Carrasco-reunion-primera-fase-Censal-Parc-300x187.jpeg 300w, https:\/\/agendaurbanacastello.es\/wp-content\/uploads\/2026\/03\/Carrasco-reunion-primera-fase-Censal-Parc-1024x639.jpeg 1024w, https:\/\/agendaurbanacastello.es\/wp-content\/uploads\/2026\/03\/Carrasco-reunion-primera-fase-Censal-Parc-768x480.jpeg 768w, https:\/\/agendaurbanacastello.es\/wp-content\/uploads\/2026\/03\/Carrasco-reunion-primera-fase-Censal-Parc-1536x959.jpeg 1536w, https:\/\/agendaurbanacastello.es\/wp-content\/uploads\/2026\/03\/Carrasco-reunion-primera-fase-Censal-Parc-18x12.jpeg 18w\" sizes=\"(max-width: 1600px) 100vw, 1600px\" \/>\t\t\t<\/div>\n\t\t\t<div class=\"blogfull\">\n\n\t\t\t\t<div class=\"blog-meta\">\n\t\t\t\t\t<h3 class=\"blog-title\"><a href=\"https:\/\/agendaurbanacastello.es\/va\/?post_type=post&p=3301\">Culmina la adquisici\u00f3n de terrenos para licitar la primera fase de Censal Parc<\/a><\/h3>\t\t\t\t<\/div>\n\n\t\t\t\t<div class=\"blog-slidermeta blog-date\">\n\t\t\t\t\t\t\t\t\t<\/div>\n\t\t\t\t\t\t\n\t\t\t\t<div class=\"home_full_blog slider-blog-title\">\n\t\t\t\t\t\t<div class=\"blog-desc\">\n\t\t\t\t\t\tSe trata de un proyecto cofinanciado por la Uni\u00f3n Europea en el marco de la ejecuci\u00f3n del Plan de Actuaci\u00f3n Integrado...\n\t\t\t\t\t<\/div>\n\t\t\t\t\t\t<div class=\"icon-button\"><a href=\"https:\/\/agendaurbanacastello.es\/va\/?post_type=post&#038;p=3301\"><\/a><\/div>\n\t\t\t\t\t\t<div class=\"clear\"><\/div>\n\t\t\t\t\t<\/div>\t\t\t<\/div>\n\t\t<\/div>\n\t\t\n\t\t<div class=\"blog-style2 blog-item  style2\">\n\t\t\t<div class=\"blog-img content-overlay\"> \n\t\t\t\t<img width=\"1600\" height=\"1200\" src=\"https:\/\/agendaurbanacastello.es\/wp-content\/uploads\/2026\/03\/Giner-visita-Rafalafena-Plan-de-Barrios.jpeg\" class=\"attachment-post-thumbnail size-post-thumbnail wp-post-image\" alt=\"\" loading=\"lazy\" srcset=\"https:\/\/agendaurbanacastello.es\/wp-content\/uploads\/2026\/03\/Giner-visita-Rafalafena-Plan-de-Barrios.jpeg 1600w, https:\/\/agendaurbanacastello.es\/wp-content\/uploads\/2026\/03\/Giner-visita-Rafalafena-Plan-de-Barrios-300x225.jpeg 300w, https:\/\/agendaurbanacastello.es\/wp-content\/uploads\/2026\/03\/Giner-visita-Rafalafena-Plan-de-Barrios-1024x768.jpeg 1024w, https:\/\/agendaurbanacastello.es\/wp-content\/uploads\/2026\/03\/Giner-visita-Rafalafena-Plan-de-Barrios-768x576.jpeg 768w, https:\/\/agendaurbanacastello.es\/wp-content\/uploads\/2026\/03\/Giner-visita-Rafalafena-Plan-de-Barrios-1536x1152.jpeg 1536w, https:\/\/agendaurbanacastello.es\/wp-content\/uploads\/2026\/03\/Giner-visita-Rafalafena-Plan-de-Barrios-16x12.jpeg 16w\" sizes=\"(max-width: 1600px) 100vw, 1600px\" \/>\t\t\t<\/div>\n\t\t\t<div class=\"blogfull\">\n\n\t\t\t\t<div class=\"blog-meta\">\n\t\t\t\t\t<h3 class=\"blog-title\"><a href=\"https:\/\/agendaurbanacastello.es\/va\/?post_type=post&p=3290\">Las obras del Plan de Barrios en Rafalafena alcanzan el 70% de medidas de eficiencia energ\u00e9tica<\/a><\/h3>\t\t\t\t<\/div>\n\n\t\t\t\t<div class=\"blog-slidermeta blog-date\">\n\t\t\t\t\t\t\t\t\t<\/div>\n\t\t\t\t\t\t\n\t\t\t\t<div class=\"home_full_blog slider-blog-title\">\n\t\t\t\t\t\t<div class=\"blog-desc\">\n\t\t\t\t\t\tLa concejala de vivienda visita las obras que se est\u00e1n realizando en este grupo que forma parte de las 600 viviendas...\n\t\t\t\t\t<\/div>\n\t\t\t\t\t\t<div class=\"icon-button\"><a href=\"https:\/\/agendaurbanacastello.es\/va\/?post_type=post&#038;p=3290\"><\/a><\/div>\n\t\t\t\t\t\t<div class=\"clear\"><\/div>\n\t\t\t\t\t<\/div>\t\t\t<\/div>\n\t\t<\/div>\n\t\t\n\t\t<div class=\"blog-style2 blog-item  style2\">\n\t\t\t<div class=\"blog-img content-overlay\"> \n\t\t\t\t<img width=\"1600\" height=\"1200\" src=\"https:\/\/agendaurbanacastello.es\/wp-content\/uploads\/2026\/03\/ecobarrios.jpeg\" class=\"attachment-post-thumbnail size-post-thumbnail wp-post-image\" alt=\"\" loading=\"lazy\" srcset=\"https:\/\/agendaurbanacastello.es\/wp-content\/uploads\/2026\/03\/ecobarrios.jpeg 1600w, https:\/\/agendaurbanacastello.es\/wp-content\/uploads\/2026\/03\/ecobarrios-300x225.jpeg 300w, https:\/\/agendaurbanacastello.es\/wp-content\/uploads\/2026\/03\/ecobarrios-1024x768.jpeg 1024w, https:\/\/agendaurbanacastello.es\/wp-content\/uploads\/2026\/03\/ecobarrios-768x576.jpeg 768w, https:\/\/agendaurbanacastello.es\/wp-content\/uploads\/2026\/03\/ecobarrios-1536x1152.jpeg 1536w, https:\/\/agendaurbanacastello.es\/wp-content\/uploads\/2026\/03\/ecobarrios-16x12.jpeg 16w\" sizes=\"(max-width: 1600px) 100vw, 1600px\" \/>\t\t\t<\/div>\n\t\t\t<div class=\"blogfull\">\n\n\t\t\t\t<div class=\"blog-meta\">\n\t\t\t\t\t<h3 class=\"blog-title\"><a href=\"https:\/\/agendaurbanacastello.es\/va\/?post_type=post&p=3287\">Campa\u00f1a Ecobarrios  para mejorar la recogida selectiva<\/a><\/h3>\t\t\t\t<\/div>\n\n\t\t\t\t<div class=\"blog-slidermeta blog-date\">\n\t\t\t\t\t\t\t\t\t<\/div>\n\t\t\t\t\t\t\n\t\t\t\t<div class=\"home_full_blog slider-blog-title\">\n\t\t\t\t\t\t<div class=\"blog-desc\">\n\t\t\t\t\t\tLa iniciativa se apoya en inteligencia artificial, an\u00e1lisis de datos y estudios sociodemogr\u00e1ficos para mejorar la recogida selectiva de vidrio en...\n\t\t\t\t\t<\/div>\n\t\t\t\t\t\t<div class=\"icon-button\"><a href=\"https:\/\/agendaurbanacastello.es\/va\/?post_type=post&#038;p=3287\"><\/a><\/div>\n\t\t\t\t\t\t<div class=\"clear\"><\/div>\n\t\t\t\t\t<\/div>\t\t\t<\/div>\n\t\t<\/div>\n\t\t\n\t\t<div class=\"blog-style2 blog-item  style2\">\n\t\t\t<div class=\"blog-img content-overlay\"> \n\t\t\t\t<img width=\"1024\" height=\"683\" src=\"https:\/\/agendaurbanacastello.es\/wp-content\/uploads\/2026\/03\/Castello\u0301NatularezaTheLab-186-Aves-Marjal2.jpg\" class=\"attachment-post-thumbnail size-post-thumbnail wp-post-image\" alt=\"\" loading=\"lazy\" srcset=\"https:\/\/agendaurbanacastello.es\/wp-content\/uploads\/2026\/03\/Castello\u0301NatularezaTheLab-186-Aves-Marjal2.jpg 1024w, https:\/\/agendaurbanacastello.es\/wp-content\/uploads\/2026\/03\/Castello\u0301NatularezaTheLab-186-Aves-Marjal2-300x200.jpg 300w, https:\/\/agendaurbanacastello.es\/wp-content\/uploads\/2026\/03\/Castello\u0301NatularezaTheLab-186-Aves-Marjal2-768x512.jpg 768w, https:\/\/agendaurbanacastello.es\/wp-content\/uploads\/2026\/03\/Castello\u0301NatularezaTheLab-186-Aves-Marjal2-18x12.jpg 18w, https:\/\/agendaurbanacastello.es\/wp-content\/uploads\/2026\/03\/Castello\u0301NatularezaTheLab-186-Aves-Marjal2-365x243.jpg 365w\" sizes=\"(max-width: 1024px) 100vw, 1024px\" \/>\t\t\t<\/div>\n\t\t\t<div class=\"blogfull\">\n\n\t\t\t\t<div class=\"blog-meta\">\n\t\t\t\t\t<h3 class=\"blog-title\"><a href=\"https:\/\/agendaurbanacastello.es\/va\/?post_type=post&p=3269\">Ciencia ciudadana con el programa SACRE<\/a><\/h3>\t\t\t\t<\/div>\n\n\t\t\t\t<div class=\"blog-slidermeta blog-date\">\n\t\t\t\t\t\t\t\t\t<\/div>\n\t\t\t\t\t\t\n\t\t\t\t<div class=\"home_full_blog slider-blog-title\">\n\t\t\t\t\t\t<div class=\"blog-desc\">\n\t\t\t\t\t\tLa sesi\u00f3n formativa para exponer las virtudes del programa SACRE de seguimiento de aves comunes reproductoras est\u00e1 prevista para el s\u00e1bado...\n\t\t\t\t\t<\/div>\n\t\t\t\t\t\t<div class=\"icon-button\"><a href=\"https:\/\/agendaurbanacastello.es\/va\/?post_type=post&#038;p=3269\"><\/a><\/div>\n\t\t\t\t\t\t<div class=\"clear\"><\/div>\n\t\t\t\t\t<\/div>\t\t\t<\/div>\n\t\t<\/div>\n\t\t\n\t\t<div class=\"blog-style2 blog-item  style2\">\n\t\t\t<div class=\"blog-img content-overlay\"> \n\t\t\t\t<img width=\"1600\" height=\"1050\" src=\"https:\/\/agendaurbanacastello.es\/wp-content\/uploads\/2026\/03\/CMPC.jpeg\" class=\"attachment-post-thumbnail size-post-thumbnail wp-post-image\" alt=\"\" loading=\"lazy\" srcset=\"https:\/\/agendaurbanacastello.es\/wp-content\/uploads\/2026\/03\/CMPC.jpeg 1600w, https:\/\/agendaurbanacastello.es\/wp-content\/uploads\/2026\/03\/CMPC-300x197.jpeg 300w, https:\/\/agendaurbanacastello.es\/wp-content\/uploads\/2026\/03\/CMPC-1024x672.jpeg 1024w, https:\/\/agendaurbanacastello.es\/wp-content\/uploads\/2026\/03\/CMPC-768x504.jpeg 768w, https:\/\/agendaurbanacastello.es\/wp-content\/uploads\/2026\/03\/CMPC-1536x1008.jpeg 1536w, https:\/\/agendaurbanacastello.es\/wp-content\/uploads\/2026\/03\/CMPC-18x12.jpeg 18w\" sizes=\"(max-width: 1600px) 100vw, 1600px\" \/>\t\t\t<\/div>\n\t\t\t<div class=\"blogfull\">\n\n\t\t\t\t<div class=\"blog-meta\">\n\t\t\t\t\t<h3 class=\"blog-title\"><a href=\"https:\/\/agendaurbanacastello.es\/va\/?post_type=post&p=3282\">Encuentro Vecinal 2026<\/a><\/h3>\t\t\t\t<\/div>\n\n\t\t\t\t<div class=\"blog-slidermeta blog-date\">\n\t\t\t\t\t\t\t\t\t<\/div>\n\t\t\t\t\t\t\n\t\t\t\t<div class=\"home_full_blog slider-blog-title\">\n\t\t\t\t\t\t<div class=\"blog-desc\">\n\t\t\t\t\t\tEl 30 de mayo tendr\u00e1 lugar un gran encuentro vecinal en el Recinto de Ferias y Mercados (Refeyme), en el que...\n\t\t\t\t\t<\/div>\n\t\t\t\t\t\t<div class=\"icon-button\"><a href=\"https:\/\/agendaurbanacastello.es\/va\/?post_type=post&#038;p=3282\"><\/a><\/div>\n\t\t\t\t\t\t<div class=\"clear\"><\/div>\n\t\t\t\t\t<\/div>\t\t\t<\/div>\n\t\t<\/div>\n\t\t<\/div>\n<\/div><div class=\"vc_row wpb_row vc_row-fluid\"><div class=\"wpb_column vc_column_container vc_col-sm-12\"><div class=\"vc_column-inner\"><div class=\"wpb_wrapper\">\n\t<div class=\"wpb_text_column wpb_content_element\" >\n\t\t<div class=\"wpb_wrapper\">\n\t\t\t\n\t\t<\/div>\n\t<\/div>\n<\/div><\/div><\/div><\/div>","protected":false},"excerpt":{"rendered":"Las asociaciones vecinales podr\u00e1n recibir cursos formativos sobre inteligencia artificial en el marco de una clara apuesta por la modernizaci\u00f3n El equipo de Gobierno, en su apuesta constante por fomentar [...]","protected":false},"author":1,"featured_media":0,"parent":0,"menu_order":0,"comment_status":"closed","ping_status":"closed","template":"","meta":{"_monsterinsights_skip_tracking":false,"_monsterinsights_sitenote_active":false,"_monsterinsights_sitenote_note":"","_monsterinsights_sitenote_category":0},"acf":[],"_links":{"self":[{"href":"https:\/\/agendaurbanacastello.es\/va\/wp-json\/wp\/v2\/pages\/12"}],"collection":[{"href":"https:\/\/agendaurbanacastello.es\/va\/wp-json\/wp\/v2\/pages"}],"about":[{"href":"https:\/\/agendaurbanacastello.es\/va\/wp-json\/wp\/v2\/types\/page"}],"author":[{"embeddable":true,"href":"https:\/\/agendaurbanacastello.es\/va\/wp-json\/wp\/v2\/users\/1"}],"replies":[{"embeddable":true,"href":"https:\/\/agendaurbanacastello.es\/va\/wp-json\/wp\/v2\/comments?post=12"}],"version-history":[{"count":43,"href":"https:\/\/agendaurbanacastello.es\/va\/wp-json\/wp\/v2\/pages\/12\/revisions"}],"predecessor-version":[{"id":2199,"href":"https:\/\/agendaurbanacastello.es\/va\/wp-json\/wp\/v2\/pages\/12\/revisions\/2199"}],"wp:attachment":[{"href":"https:\/\/agendaurbanacastello.es\/va\/wp-json\/wp\/v2\/media?parent=12"}],"curies":[{"name":"wp","href":"https:\/\/api.w.org\/{rel}","templated":true}]}}