{"id":133,"date":"2020-11-25T07:58:52","date_gmt":"2020-11-25T07:58:52","guid":{"rendered":"http:\/\/agendaurbanacastello.enreda.coop\/?page_id=133"},"modified":"2020-11-25T07:58:53","modified_gmt":"2020-11-25T07:58:53","slug":"proteccion-de-datos","status":"publish","type":"page","link":"https:\/\/agendaurbanacastello.es\/va\/proteccion-de-datos\/","title":{"rendered":"Protecci\u00f3 de dades"},"content":{"rendered":"<p>L&#8217;Ajuntament de Castell\u00f3 est\u00e0 especialment sensibilitzat amb la protecci\u00f3 de dades de car\u00e0cter personal dels usuaris i usu\u00e0ries dels serveis del lloc web.<\/p>\n\n\n\n<p>Per mitj\u00e0 d\u2019aquest document, l&#8217;Ajuntament us informa que les p\u00e0gines web tenen per objecte facilitar-vos informaci\u00f3 sobre el nostre municipi i els esdeveniments que s&#8217;hi organitzen, posar a la vostra disposici\u00f3 la informaci\u00f3 establerta en la Llei de transpar\u00e8ncia, acc\u00e9s a la informaci\u00f3 p\u00fablica i bon govern, i la possibilitat d&#8217;efectuar els tr\u00e0mits que estan disponibles a trav\u00e9s de la nostra seu electr\u00f2nica.<\/p>\n\n\n\n<p>Resulta d&#8217;aplicaci\u00f3 la legislaci\u00f3 vigent tant en mat\u00e8ria de seguretat (ENS) com en mat\u00e8ria de protecci\u00f3 de dadess personals (RGPD, LOPDGDD)<\/p>\n\n\n\n<p>L&#8217;Ajuntament us informa, com a USUARIS i USU\u00c0RIES dels llocs web anteriorment esmentats, dels usos a qu\u00e8 se sotmeten les dades de car\u00e0cter personal que es demanen en lloc web, a fi que decidiu, lliurement i volunt\u00e0ria, si desitgeu facilitar la informaci\u00f3 sol\u00b7licitada.<\/p>\n\n\n\n<p>L&#8217;Ajuntament es reserva la facultat de modificar aquesta pol\u00edtica amb l&#8217;objecte d&#8217;adaptar-la a novetats legislatives, criteris jurisprudencials, pr\u00e0ctiques del sector o interessos de l&#8217;entitat.<\/p>\n\n\n\n<p>Qualsevol modificaci\u00f3 ser\u00e0 anunciada amb la deguda antelaci\u00f3, a fi que tingueu un perfecte coneixement del seu contingut.<\/p>\n\n\n\n<h4><strong>RESPONSABLE DEL TRACTAMENT<\/strong><\/h4>\n\n\n\n<p>El responsable del tractament de les dades de car\u00e0cter personal \u00e9s l&#8217;Ajuntament de Castell\u00f3.<\/p>\n\n\n\n<p>Domicili: <strong>Pla\u00e7a Major 1 , 12001 Castell\u00f3<\/strong><\/p>\n\n\n\n<p>Contacte:&nbsp;<strong>info@castello.es<\/strong><\/p>\n\n\n\n<p>Tel\u00e8fon: <strong>010<\/strong><\/p>\n\n\n\n<p>Delegat de protecci\u00f3 de dades: <strong>dpd@castello.es<\/strong><\/p>\n\n\n\n<h4><strong>FINALITAT DEL TRACTAMENT<\/strong><\/h4>\n\n\n\n<p>Les dades que ens faciliteu per mitj\u00e0 de l&#8217;apartat de Contacte seran tractades amb la finalitat d&#8217;atendre la vostra sol\u00b7licitud. Si ens envieu un correu electr\u00f2nic, igualment tractarem les dades per a donar resposta a la vostra sol\u00b7licitud. La recollida i tractament de les dades personals a trav\u00e9s dels diferents formularis a qu\u00e8 pogu\u00e9reu accedir a trav\u00e9s de la seu electr\u00f2nica\/tr\u00e0mits t\u00e9 diferents finalitats indicades en les cl\u00e0usules recollides en el formulari corresponent. Aquestes finalitats seran atendre la vostra sol\u00b7licitud, reclamaci\u00f3, den\u00fancia i, en general, gestionar el tr\u00e0mit que inicieu a trav\u00e9s de la Seu Electr\u00f2nica.<\/p>\n\n\n\n<h4><strong>TERMINI DE CONSERVACI\u00d3<\/strong><\/h4>\n\n\n\n<p>Les dades personals proporcionades es conservaran el temps necessari per a gestionar la vostra consulta, suggeriment, reclamaci\u00f3 o den\u00fancia. Finalitzada aquesta, es conservaran durant el termini corresponent per a complir les obligacions legals o durant el termini que un jutge o tribunal ho puga requerir. Aix\u00ed mateix, podran ser conservades amb fins hist\u00f2rics i d&#8217;arxiu general.<br>Aquest termini pot ser menor en alguns casos en qu\u00e8 l&#8217;usuari retire el seu consentiment o exercisca el dret de supressi\u00f3.<\/p>\n\n\n\n<h4><strong>LEGITIMACI\u00d3<\/strong><\/h4>\n\n\n\n<p>La legitimaci\u00f3 per al tractament dependr\u00e0 de la vostra petici\u00f3. Aix\u00ed quan estiga relacionada amb les funcions de l&#8217;Ajuntament es basaran en l&#8217;exercici de les funcions p\u00fabliques. Quan ens realitze una petici\u00f3 o se subscriga a algun servei oferit per l&#8217;Ajuntament, es basar\u00e0 en el vostre consentiment. Quan la sol\u00b7licitud estiga relacionada amb el compliment d&#8217;una obligaci\u00f3 legal, la normativa aplicable ser\u00e0 la base de legitimaci\u00f3. Quan existisca un contracte entre vosaltres i l&#8217;Ajuntament, la base de legitimaci\u00f3 ser\u00e0 la relaci\u00f3 contractual existent.<\/p>\n\n\n\n<p>Quan la legitimaci\u00f3 vinga donada pel seu consentiment, aquest es donar\u00e0 mitjan\u00e7ant un acte afirmatiu clar que reflectisca una manifestaci\u00f3 de la seua voluntat lliure, espec\u00edfica, informada, i inequ\u00edvoca d&#8217;acceptar el tractament de dades personals.<\/p>\n\n\n\n<h4><strong>DESTINATARIS I DESTINAT\u00c0RIES<\/strong><\/h4>\n\n\n\n<p>Les dades podran ser cedides a altres organismes p\u00fablics competents en la mat\u00e8ria en compliment de la normativa vigent. Aix\u00ed mateix, podran ser publicades en el Portal de Transpar\u00e8ncia de l&#8217;Ajuntament, en compliment de la Llei 19\/2013 de transpar\u00e8ncia, acc\u00e9s a la informaci\u00f3 p\u00fablica i bon govern.<\/p>\n\n\n\n<h4><strong>DRETS DELS USUARIS I USU\u00c0RIES<\/strong><\/h4>\n\n\n\n<p>Podreu posar-vos en contacte amb el nostre delegat de protecci\u00f3 de dades per a qualsevol dubte que tingueu sobre el tractament de les vostres dades de car\u00e0cter personal en l\u2019adre\u00e7a seg\u00fcent: dpd@castello.es<\/p>\n\n\n\n<p>Vost\u00e9 podr\u00e0 exercitar els drets de: Acc\u00e9s, Rectificaci\u00f3 i Supressi\u00f3 o si escau Oposici\u00f3 aix\u00ed com els de Portabilitat, Oblit i Limitaci\u00f3.<\/p>\n\n\n\n<p>Per a aix\u00f2, podreu dirigir-vos a l&#8217;Ajuntament a trav\u00e9s de l\u2019adre\u00e7a seg\u00fcent <strong>Pla\u00e7a Major 1 , 12001 Castell\u00f3<\/strong>, especificant el dret que sol\u00b7liciteu, amb un document identificatiu (DNI, passaport..). En el cas que actu\u00e0reu per mitj\u00e0 de representant, legal o voluntari, haureu d&#8217;aportar tamb\u00e9 el document que acredite la representaci\u00f3 i document identificatiu d\u2019aquest.<\/p>\n\n\n\n<p>Tamb\u00e9 pot exercir els seus drets accedint a la Seu Electr\u00f2nica (seuelectronica.castello.es) al tr\u00e0mit <strong>Exercici de Drets sobre Dades Personals<\/strong>.<\/p>\n\n\n\n<p>Aix\u00ed mateix, en cas de considerar vulnerat el vostre dret a la protecci\u00f3 de dades personals, podreu dirigir-vos a l&#8217;Ag\u00e8ncia Espanyola de Protecci\u00f3 de Dades (www.aepd.es).\u201d<\/p>\n\n\n\n<h4><strong>MESURES DE SEGURETAT<\/strong><\/h4>\n\n\n\n<p>S&#8217;aplicaran les mesures de seguretat establertes en la normativa corresponent (Esquema Nacional de Seguretat).<\/p>","protected":false},"excerpt":{"rendered":"<p>L&#8217;Ajuntament de Castell\u00f3 est\u00e0 especialment sensibilitzat amb la protecci\u00f3 de dades de car\u00e0cter personal dels usuaris i usu\u00e0ries dels serveis del lloc web. Per mitj\u00e0 d\u2019aquest document, l&#8217;Ajuntament us informa&#8230;<\/p>","protected":false},"author":1,"featured_media":0,"parent":0,"menu_order":0,"comment_status":"closed","ping_status":"closed","template":"","meta":{"_monsterinsights_skip_tracking":false,"_monsterinsights_sitenote_active":false,"_monsterinsights_sitenote_note":"","_monsterinsights_sitenote_category":0},"acf":[],"_links":{"self":[{"href":"https:\/\/agendaurbanacastello.es\/va\/wp-json\/wp\/v2\/pages\/133"}],"collection":[{"href":"https:\/\/agendaurbanacastello.es\/va\/wp-json\/wp\/v2\/pages"}],"about":[{"href":"https:\/\/agendaurbanacastello.es\/va\/wp-json\/wp\/v2\/types\/page"}],"author":[{"embeddable":true,"href":"https:\/\/agendaurbanacastello.es\/va\/wp-json\/wp\/v2\/users\/1"}],"replies":[{"embeddable":true,"href":"https:\/\/agendaurbanacastello.es\/va\/wp-json\/wp\/v2\/comments?post=133"}],"version-history":[{"count":1,"href":"https:\/\/agendaurbanacastello.es\/va\/wp-json\/wp\/v2\/pages\/133\/revisions"}],"predecessor-version":[{"id":134,"href":"https:\/\/agendaurbanacastello.es\/va\/wp-json\/wp\/v2\/pages\/133\/revisions\/134"}],"wp:attachment":[{"href":"https:\/\/agendaurbanacastello.es\/va\/wp-json\/wp\/v2\/media?parent=133"}],"curies":[{"name":"wp","href":"https:\/\/api.w.org\/{rel}","templated":true}]}}